{"id":10,"date":"2023-06-01T07:59:41","date_gmt":"2023-06-01T07:59:41","guid":{"rendered":"http:\/\/tpsmedikal.com\/?page_id=10"},"modified":"2023-06-01T11:28:51","modified_gmt":"2023-06-01T11:28:51","slug":"kurumsal","status":"publish","type":"page","link":"https:\/\/tpsmedikal.com\/index.php\/kurumsal\/","title":{"rendered":"Kurumsal"},"content":{"rendered":"<p><div class=\"fusion-fullwidth fullwidth-box fusion-builder-row-1 fusion-flex-container nonhundred-percent-fullwidth non-hundred-percent-height-scrolling fusion-animated\" style=\"background-color: rgba(255,255,255,0);background-position: center center;background-repeat: no-repeat;border-width: 0px 0px 0px 0px;border-color:#e8efef;border-style:solid;\" data-animationType=\"fadeInUp\" data-animationDuration=\"1.0\" data-animationOffset=\"top-into-view\" ><div class=\"fusion-builder-row fusion-row fusion-flex-align-items-stretch\" style=\"max-width:1248px;margin-left: calc(-4% \/ 2 );margin-right: calc(-4% \/ 2 );\"><div class=\"fusion-layout-column fusion_builder_column fusion-builder-column-0 fusion_builder_column_1_1 1_1 fusion-flex-column\"><div class=\"fusion-column-wrapper fusion-flex-justify-content-flex-start fusion-content-layout-column\" style=\"background-position:left top;background-repeat:no-repeat;-webkit-background-size:cover;-moz-background-size:cover;-o-background-size:cover;background-size:cover;padding: 20px 6% 0px 6%;\"><div class=\"fusion-text fusion-text-1\" style=\"text-align:left;font-size:18px;text-transform:none;color:#4c4c4c;\"><p>Ho\u015f Geldiniz! Sa\u011fl\u0131k Turizmi Hizmetleriyle Tan\u0131\u015f\u0131n<\/p>\n<p>Sayg\u0131de\u011fer Misafirlerimiz,<\/p>\n<p>Sundu\u011fumuz sa\u011fl\u0131k turizmi hizmetleriyle sizleri T\u00fcrkiye&#8217;nin sa\u011fl\u0131k ve tatil destinasyonuyla bulu\u015fturman\u0131n heyecan\u0131n\u0131 ya\u015f\u0131yoruz. T\u00fcrkiye, kaliteli sa\u011fl\u0131k hizmetleri, uzman doktorlar ve modern t\u0131bbi altyap\u0131s\u0131yla d\u00fcnya genelinde tan\u0131nan bir sa\u011fl\u0131k turizmi merkezi haline gelmi\u015ftir. Firmam\u0131z olarak, uluslararas\u0131 hasta deneyiminizi en \u00fcst seviyede sa\u011flamak ve size unutulmaz bir deneyim sunmak i\u00e7in buraday\u0131z.<\/p>\n<p>Neden T\u00fcrkiye?<\/p>\n<p>T\u00fcrkiye, sundu\u011fu y\u00fcksek standartl\u0131 t\u0131bbi hizmetler ve yenilik\u00e7i tedavi y\u00f6ntemleriyle sa\u011fl\u0131k turizmi a\u00e7\u0131s\u0131ndan b\u00fcy\u00fck bir potansiyele sahiptir. T\u00fcrk sa\u011fl\u0131k sekt\u00f6r\u00fc, uluslararas\u0131 akreditasyon standartlar\u0131na uygun olarak \u00e7al\u0131\u015fan, deneyimli ve alan\u0131nda uzman doktorlardan olu\u015fan bir ekip taraf\u0131ndan desteklenmektedir. Ayr\u0131ca, son teknolojiye sahip hastaneler ve klinikler, modern t\u0131bbi cihazlar ve ileri tedavi y\u00f6ntemleri ile donat\u0131lm\u0131\u015ft\u0131r.<\/p>\n<p>Hizmetlerimiz<\/p>\n<p>Sa\u011fl\u0131k turizmi hizmetlerimiz, bir dizi t\u0131bbi alan\u0131 kapsamaktad\u0131r. Kardiyoloji, onkoloji, n\u00f6roloji, ortopedi, estetik cerrahi, di\u015f tedavisi ve t\u00fcp bebek gibi bir\u00e7ok alanda uzmanl\u0131kla hizmet vermekteyiz. Size \u00f6zel olarak planlanan tedavi paketlerimiz, en iyi doktorlar\u0131m\u0131z ve sa\u011fl\u0131k kurumlar\u0131m\u0131zla i\u015fbirli\u011fi i\u00e7inde haz\u0131rlan\u0131r. T\u00fcrkiye&#8217;ye geldi\u011finizde, transfer hizmetleri, konaklama d\u00fczenlemeleri, dil deste\u011fi ve di\u011fer ihtiya\u00e7lar\u0131n\u0131z\u0131 kar\u015f\u0131lamak i\u00e7in kapsaml\u0131 bir destek sunar\u0131z.<\/p>\n<p>Hasta Memnuniyeti ve Konfor \u00d6nceli\u011fimizdir<\/p>\n<p>Misafirlerimizin sa\u011fl\u0131k ve konforunu en \u00fcst d\u00fczeyde sa\u011flamak i\u00e7in \u00f6zverili bir ekip \u00e7al\u0131\u015fmas\u0131 y\u00fcr\u00fct\u00fcyoruz. Sa\u011fl\u0131k turizmi deneyiminizi en rahat ve g\u00fcvenli \u015fekilde ge\u00e7irmenizi sa\u011flamak i\u00e7in titizlikle \u00e7al\u0131\u015f\u0131yoruz. Size, hastane s\u00fcre\u00e7lerinde rehberlik edecek, randevular\u0131n\u0131z\u0131 d\u00fczenleyecek ve her ad\u0131mda yan\u0131n\u0131zda olacak bir hasta koordinat\u00f6r\u00fc atanacakt\u0131r. Ayr\u0131ca, T\u00fcrkiye&#8217;nin tarihi ve k\u00fclt\u00fcrel zenginliklerini ke\u015ffetme f\u0131rsat\u0131n\u0131z\u0131 da unutmad\u0131k. Tedavi s\u00fcreciniz d\u0131\u015f\u0131nda, size turistik aktiviteler, \u015fehir turlar\u0131 ve di\u011fer keyifli deneyimler sunmak i\u00e7in i\u015fbirli\u011fi yapt\u0131\u011f\u0131m\u0131z turizm \u015firketleriyle ileti\u015fim kurar\u0131z.<\/p>\n<p>Gizlilik ve G\u00fcvenlik<\/p>\n<p>Misafirlerimizin gizlili\u011fi ve g\u00fcvenli\u011fi bizim i\u00e7in en \u00f6nemli \u00f6nceliklerden biridir. Ki\u015fisel verilerinizin gizlili\u011fi, uluslararas\u0131 standartlara uygun olarak korunmaktad\u0131r. T\u00fcm sa\u011fl\u0131k kurumlar\u0131, hasta mahremiyeti ve veri g\u00fcvenli\u011fi konusunda s\u0131k\u0131 \u00f6nlemler almaktad\u0131r.<\/p>\n<p>\u0130leti\u015fim ve Rezervasyon<\/p>\n<p>Sa\u011fl\u0131k turizmi hizmetlerimizle ilgileniyorsan\u0131z veya sorular\u0131n\u0131z\u0131 yan\u0131tlamam\u0131z\u0131 isterseniz, size yard\u0131mc\u0131 olmaktan mutluluk duyar\u0131z. Uzman ekibimiz, ihtiya\u00e7lar\u0131n\u0131za \u00f6zel olarak haz\u0131rlanm\u0131\u015f tedavi se\u00e7enekleri sunmak i\u00e7in sizinle ileti\u015fime ge\u00e7ecektir. Rezervasyon yapmak veya daha fazla bilgi almak i\u00e7in bizimle ileti\u015fime ge\u00e7mekten \u00e7ekinmeyin.<\/p>\n<p>Sizleri T\u00fcrkiye&#8217;de sa\u011fl\u0131k turizmi deneyimiyle bulu\u015fturmay\u0131 d\u00f6rt g\u00f6zle bekliyoruz!<\/p>\n<p>Sayg\u0131lar\u0131m\u0131zla,<br \/>\nTPS Medikal Turizm<\/p>\n<\/div><\/div><style type=\"text\/css\">.fusion-body .fusion-builder-column-0{width:100% !important;margin-top : 0px;margin-bottom : 0px;}.fusion-builder-column-0 > .fusion-column-wrapper {padding-top : 20px !important;padding-right : 6% !important;margin-right : 1.92%;padding-bottom : 0px !important;padding-left : 6% !important;margin-left : 1.92%;}@media only screen and (max-width:1024px) {.fusion-body .fusion-builder-column-0{width:100% !important;order : 0;}.fusion-builder-column-0 > .fusion-column-wrapper {margin-right : 1.92%;margin-left : 1.92%;}}@media only screen and (max-width:640px) {.fusion-body .fusion-builder-column-0{width:100% !important;order : 0;}.fusion-builder-column-0 > .fusion-column-wrapper {margin-right : 1.92%;margin-left : 1.92%;}}<\/style><\/div><\/div><style type=\"text\/css\">.fusion-body .fusion-flex-container.fusion-builder-row-1{ padding-top : 0px;margin-top : 0px;padding-right : 0px;padding-bottom : 7vw;margin-bottom : 0px;padding-left : 0px;}<\/style><\/div><div class=\"fusion-fullwidth fullwidth-box fusion-builder-row-2 fusion-flex-container fusion-parallax-fixed hundred-percent-fullwidth non-hundred-percent-height-scrolling lazyload\" style=\"background-color: rgba(255,255,255,0);background-position: right center;background-repeat: no-repeat;border-width: 0px 0px 0px 0px;border-color:#e2e2e2;border-style:solid;-webkit-background-size:cover;-moz-background-size:cover;-o-background-size:cover;background-size:cover;background-attachment:fixed;\" data-bg=\"https:\/\/www.neuroupclinic.com\/wp-content\/uploads\/2021\/06\/neuro-up-tps-1-1024x512.jpg\" ><div class=\"fusion-builder-row fusion-row fusion-flex-align-items-stretch fusion-flex-justify-content-flex-end\" style=\"width:calc( 100% + 0px ) !important;max-width:calc( 100% + 0px ) !important;margin-left: calc(-0px \/ 2 );margin-right: calc(-0px \/ 2 );\"><div class=\"fusion-layout-column fusion_builder_column fusion-builder-column-1 fusion_builder_column_1_3 1_3 fusion-flex-column fusion-animated\" data-animationType=\"fadeInUp\" data-animationDuration=\"1.5\" data-animationOffset=\"top-into-view\"><div class=\"fusion-column-wrapper fusion-flex-justify-content-center fusion-content-layout-column\" style=\"background-position:left top;background-repeat:no-repeat;-webkit-background-size:cover;-moz-background-size:cover;-o-background-size:cover;background-size:cover;border-radius:6px 6px 6px 6px;background-color:rgba(0,167,157,0.89);border-radius:6px 6px 6px 6px;overflow:hidden;padding: 4vw 4vw 4vw 4vw;\"><style type=\"text\/css\">@media only screen and (max-width:1024px) {.fusion-title.fusion-title-1{margin-top:10px!important; margin-right:0px!important;margin-bottom:30px!important;margin-left:0px!important;}}@media only screen and (max-width:640px) {.fusion-title.fusion-title-1{margin-top:10px!important; margin-right:0px!important;margin-bottom:10px!important; margin-left:0px!important;}}<\/style><div class=\"fusion-title title fusion-title-1 fusion-title-center fusion-title-text fusion-title-size-two\" style=\"font-size:26px;margin-top:10px;margin-right:0px;margin-bottom:30px;margin-left:0px;\"><div class=\"title-sep-container title-sep-container-left\"><div class=\"title-sep sep-double sep-solid\" style=\"border-color:#e2e2e2;\"><\/div><\/div><span class=\"awb-title-spacer\"><\/span><h2 class=\"title-heading-center\" style=\"font-family:&quot;Roboto&quot;;font-weight:300;margin:0;font-size:1em;color:#ffffff;\">Randevu Olu\u015fturun<\/h2><span class=\"awb-title-spacer\"><\/span><div class=\"title-sep-container title-sep-container-right\"><div class=\"title-sep sep-double sep-solid\" style=\"border-color:#e2e2e2;\"><\/div><\/div><\/div><div class=\"fusion-text fusion-text-2\" style=\"text-align:center;font-size:17px;line-height:1.9;color:#ffffff;\"><p>Randevu talepleriniz i\u00e7in, a\u015fa\u011f\u0131da ki formu doldurun sizinle ileti\u015fime ge\u00e7elim.<\/p>\n<\/div><style>.fusion-form-form-wrapper .fusion-form-63 .fusion-form-tooltip .fusion-form-tooltip-content{color:#ffffff !important;background-color:#333333 !important;border-color:#333333 !important;}<\/style><div class=\"fusion-form fusion-form-builder fusion-form-form-wrapper fusion-form-63\" data-form-id=\"63\" data-config=\"{&quot;form_id&quot;:&quot;63&quot;,&quot;form_post_id&quot;:&quot;63&quot;,&quot;post_id&quot;:10,&quot;form_type&quot;:&quot;ajax&quot;,&quot;confirmation_type&quot;:&quot;message&quot;,&quot;redirect_url&quot;:&quot;&quot;,&quot;field_labels&quot;:{&quot;name&quot;:&quot;&quot;,&quot;phone_number&quot;:&quot;&quot;,&quot;email&quot;:&quot;&quot;,&quot;message&quot;:&quot;&quot;},&quot;field_logics&quot;:{&quot;name&quot;:&quot;&quot;,&quot;phone_number&quot;:&quot;&quot;,&quot;email&quot;:&quot;&quot;,&quot;message&quot;:&quot;&quot;},&quot;nonce_method&quot;:&quot;ajax&quot;}\"><form action=\"https:\/\/tpsmedikal.com\/index.php\/kurumsal\/\" method=\"post\" class=\"fusion-form fusion-form-63\"><div class=\"fusion-fullwidth fullwidth-box fusion-builder-row-2-1 fusion-flex-container nonhundred-percent-fullwidth non-hundred-percent-height-scrolling\" style=\"background-color: rgba(255,255,255,0);background-position: center center;background-repeat: no-repeat;border-width: 0px 0px 0px 0px;border-color:#e2e2e2;border-style:solid;\" ><div class=\"fusion-builder-row fusion-row fusion-flex-align-items-flex-start\" style=\"width:104% !important;max-width:104% !important;margin-left: calc(-4% \/ 2 );margin-right: calc(-4% \/ 2 );\"><div class=\"fusion-layout-column fusion_builder_column fusion-builder-column-2 fusion_builder_column_1_1 1_1 fusion-flex-column\"><div class=\"fusion-column-wrapper fusion-flex-justify-content-flex-start fusion-content-layout-column\" style=\"background-position:left top;background-repeat:no-repeat;-webkit-background-size:cover;-moz-background-size:cover;-o-background-size:cover;background-size:cover;padding: 0px 0px 0px 0px;\"><div class=\"fusion-form-field fusion-form-text-field fusion-form-label-above\" data-form-id=\"63\"><input type=\"text\" name=\"name\" id=\"name\" value=\"\"  class=\"fusion-form-input\" required=\"true\" aria-required=\"true\" placeholder=\"\u0130sim Soyisim*\" data-holds-private-data=\"false\" minlength=\"0\"\/><\/div><\/div><style type=\"text\/css\">.fusion-body .fusion-builder-column-2{width:100% !important;margin-top : 0px;margin-bottom : 0px;}.fusion-builder-column-2 > .fusion-column-wrapper {padding-top : 0px !important;padding-right : 0px !important;margin-right : 1.92%;padding-bottom : 0px !important;padding-left : 0px !important;margin-left : 1.92%;}@media only screen and (max-width:1024px) {.fusion-body .fusion-builder-column-2{width:100% !important;order : 0;}.fusion-builder-column-2 > .fusion-column-wrapper {margin-right : 1.92%;margin-left : 1.92%;}}@media only screen and (max-width:640px) {.fusion-body .fusion-builder-column-2{width:100% !important;order : 0;}.fusion-builder-column-2 > .fusion-column-wrapper {margin-right : 1.92%;margin-left : 1.92%;}}<\/style><\/div><div class=\"fusion-layout-column fusion_builder_column fusion-builder-column-3 fusion_builder_column_1_2 1_2 fusion-flex-column\"><div class=\"fusion-column-wrapper fusion-flex-justify-content-flex-start fusion-content-layout-column\" style=\"background-position:left top;background-repeat:no-repeat;-webkit-background-size:cover;-moz-background-size:cover;-o-background-size:cover;background-size:cover;padding: 0px 0px 0px 0px;\"><div class=\"fusion-form-field fusion-form-phone-number-field fusion-form-label-above\" data-form-id=\"63\"><div class=\"fusion-form-input-with-icon\"><i class=\"fa-phone-square-alt fas\"><\/i><input type=\"tel\" name=\"phone_number\" id=\"phone_number\" value=\"\"  class=\"fusion-form-input\" required=\"true\" aria-required=\"true\" placeholder=\"Telefon Numaran\u0131z*\" data-holds-private-data=\"false\"\/><\/div><\/div><\/div><style type=\"text\/css\">.fusion-body .fusion-builder-column-3{width:50% !important;margin-top : 0px;margin-bottom : 0px;}.fusion-builder-column-3 > .fusion-column-wrapper {padding-top : 0px !important;padding-right : 0px !important;margin-right : 3.84%;padding-bottom : 0px !important;padding-left : 0px !important;margin-left : 3.84%;}@media only screen and (max-width:1024px) {.fusion-body .fusion-builder-column-3{width:50% !important;order : 0;}.fusion-builder-column-3 > .fusion-column-wrapper {margin-right : 3.84%;margin-left : 3.84%;}}@media only screen and (max-width:640px) {.fusion-body .fusion-builder-column-3{width:100% !important;order : 0;}.fusion-builder-column-3 > .fusion-column-wrapper {margin-right : 1.92%;margin-left : 1.92%;}}<\/style><\/div><div class=\"fusion-layout-column fusion_builder_column fusion-builder-column-4 fusion_builder_column_1_2 1_2 fusion-flex-column\"><div class=\"fusion-column-wrapper fusion-flex-justify-content-flex-start fusion-content-layout-column\" style=\"background-position:left top;background-repeat:no-repeat;-webkit-background-size:cover;-moz-background-size:cover;-o-background-size:cover;background-size:cover;padding: 0px 0px 0px 0px;\"><div class=\"fusion-form-field fusion-form-email-field fusion-form-label-above\" data-form-id=\"63\"><input type=\"email\" name=\"email\" id=\"email\" value=\"\"  class=\"fusion-form-input\" required=\"true\" aria-required=\"true\" placeholder=\"E-mail Adresiniz*\" data-holds-private-data=\"false\"\/><\/div><\/div><style type=\"text\/css\">.fusion-body .fusion-builder-column-4{width:50% !important;margin-top : 0px;margin-bottom : 0px;}.fusion-builder-column-4 > .fusion-column-wrapper {padding-top : 0px !important;padding-right : 0px !important;margin-right : 3.84%;padding-bottom : 0px !important;padding-left : 0px !important;margin-left : 3.84%;}@media only screen and (max-width:1024px) {.fusion-body .fusion-builder-column-4{width:50% !important;order : 0;}.fusion-builder-column-4 > .fusion-column-wrapper {margin-right : 3.84%;margin-left : 3.84%;}}@media only screen and (max-width:640px) {.fusion-body .fusion-builder-column-4{width:100% !important;order : 0;}.fusion-builder-column-4 > .fusion-column-wrapper {margin-right : 1.92%;margin-left : 1.92%;}}<\/style><\/div><div class=\"fusion-layout-column fusion_builder_column fusion-builder-column-5 fusion_builder_column_1_1 1_1 fusion-flex-column\"><div class=\"fusion-column-wrapper fusion-flex-justify-content-flex-start fusion-content-layout-column\" style=\"background-position:left top;background-repeat:no-repeat;-webkit-background-size:cover;-moz-background-size:cover;-o-background-size:cover;background-size:cover;padding: 0px 0px 0px 0px;\"><div class=\"fusion-form-field fusion-form-textarea-field fusion-form-label-above\" data-form-id=\"63\"><textarea cols=\"40\"  minlength=\"0\"  rows=\"4\" tabindex=\"\" id=\"message\" name=\"message\" class=\"fusion-form-input\" required=\"true\" aria-required=\"true\" placeholder=\"Size nas\u0131l yard\u0131mc\u0131 olabiliriz?*\" data-holds-private-data=\"false\"><\/textarea><\/div><div class=\"form-submission-notices\" id=\"fusion-notices-1\"><div class=\"fusion-alert alert success alert-success fusion-alert-center fusion-form-response fusion-form-response-success alert-dismissable\" role=\"alert\" style=\"background-color:rgba(18,184,120,0.1);color:#12b878;border-color:#12b878;border-width:1px;\"><div class=\"fusion-alert-content-wrapper\"><span class=\"alert-icon\"><i class=\"awb-icon-check-circle\" aria-hidden=\"true\"><\/i><\/span><span class=\"fusion-alert-content\">Thank you for your message. It has been sent.<\/span><\/div><button type=\"button\" class=\"close toggle-alert\" data-dismiss=\"alert\" aria-label=\"Close\">&times;<\/button><\/div><div class=\"fusion-alert alert error alert-danger fusion-alert-center fusion-form-response fusion-form-response-error alert-dismissable\" role=\"alert\" style=\"background-color:rgba(219,75,104,0.1);color:#db4b68;border-color:#db4b68;border-width:1px;\"><div class=\"fusion-alert-content-wrapper\"><span class=\"alert-icon\"><i class=\"awb-icon-exclamation-triangle\" aria-hidden=\"true\"><\/i><\/span><span class=\"fusion-alert-content\">There was an error trying to send your message. Please try again later.<\/span><\/div><button type=\"button\" class=\"close toggle-alert\" data-dismiss=\"alert\" aria-label=\"Close\">&times;<\/button><\/div><\/div><div class=\"fusion-form-field fusion-form-submit-field fusion-form-label-above\" data-form-id=\"63\"><div ><style>.fusion-body .fusion-button.button-1{border-color:#ffffff;border-radius:4px 4px 4px 4px;background:#65bc7b;}.fusion-body .fusion-button.button-1 .fusion-button-text,.fusion-body .fusion-button.button-1 i,.fusion-body .fusion-button.button-1:hover .fusion-button-text,.fusion-body .fusion-button.button-1:hover i,.fusion-body .fusion-button.button-1:focus .fusion-button-text,.fusion-body .fusion-button.button-1:focus i,.fusion-body .fusion-button.button-1:active .fusion-button-text,.fusion-body .fusion-button.button-1:active i{color:#ffffff;}.fusion-body .fusion-button.button-1:hover,.fusion-body .fusion-button.button-1:active,.fusion-body .fusion-button.button-1:focus{border-color:#ffffff;background:#006262;}<\/style><button type=\"submit\" class=\"fusion-button button-flat button-xlarge button-custom button-1 fusion-button-default-span  form-form-submit button-default\" data-form-number=\"63\" tabindex=\"\"><span class=\"fusion-button-text\">G\u00f6nder<\/span><\/button><\/div><\/div><\/div><style type=\"text\/css\">.fusion-body .fusion-builder-column-5{width:100% !important;margin-top : 0px;margin-bottom : 0px;}.fusion-builder-column-5 > .fusion-column-wrapper {padding-top : 0px !important;padding-right : 0px !important;margin-right : 1.92%;padding-bottom : 0px !important;padding-left : 0px !important;margin-left : 1.92%;}@media only screen and (max-width:1024px) {.fusion-body .fusion-builder-column-5{width:100% !important;order : 0;}.fusion-builder-column-5 > .fusion-column-wrapper {margin-right : 1.92%;margin-left : 1.92%;}}@media only screen and (max-width:640px) {.fusion-body .fusion-builder-column-5{width:100% !important;order : 0;}.fusion-builder-column-5 > .fusion-column-wrapper {margin-right : 1.92%;margin-left : 1.92%;}}<\/style><\/div><\/div><style type=\"text\/css\">.fusion-body .fusion-flex-container.fusion-builder-row-2-1{ padding-top : 0px;margin-top : 0;padding-right : 0px;padding-bottom : 0px;margin-bottom : 0;padding-left : 0px;}<\/style><\/div><input type=\"hidden\" name=\"fusion_privacy_store_ip_ua\" value=\"false\"><input type=\"hidden\" name=\"fusion_privacy_expiration_interval\" value=\"48\"><input type=\"hidden\" name=\"privacy_expiration_action\" value=\"anonymize\"><\/form><\/div><\/div><style type=\"text\/css\">.fusion-body .fusion-builder-column-1{width:33.333333333333% !important;margin-top : 0px;margin-bottom : 0px;}.fusion-builder-column-1 > .fusion-column-wrapper {padding-top : 4vw !important;padding-right : 4vw !important;margin-right : 0;padding-bottom : 4vw !important;padding-left : 4vw !important;margin-left : 0;}@media only screen and (max-width:1024px) {.fusion-body .fusion-builder-column-1{width:50% !important;order : 0;}.fusion-builder-column-1 > .fusion-column-wrapper {margin-right : 0;margin-left : 0;}}@media only screen and (max-width:640px) {.fusion-body .fusion-builder-column-1{width:100% !important;order : 0;}.fusion-builder-column-1 > .fusion-column-wrapper {padding-top : 11vw !important;padding-right : 11vw !important;margin-right : 0;padding-bottom : 11vw !important;padding-left : 11vw !important;margin-left : 0;}}<\/style><\/div><\/div><style type=\"text\/css\">.fusion-body .fusion-flex-container.fusion-builder-row-2{ padding-top : 4vw;margin-top : 0px;padding-right : 3vw;padding-bottom : 4vw;margin-bottom : 0px;padding-left : 0px;}@media only screen and (max-width:640px) {.fusion-body .fusion-flex-container.fusion-builder-row-2{ padding-top : 9vw;padding-right : 9vw;padding-bottom : 9vw;padding-left : 9vw;}}<\/style><\/div><\/p>\n","protected":false},"excerpt":{"rendered":"","protected":false},"author":1,"featured_media":0,"parent":0,"menu_order":0,"comment_status":"closed","ping_status":"closed","template":"100-width.php","meta":{"_joinchat":[],"footnotes":""},"class_list":["post-10","page","type-page","status-publish","hentry"],"_links":{"self":[{"href":"https:\/\/tpsmedikal.com\/index.php\/wp-json\/wp\/v2\/pages\/10","targetHints":{"allow":["GET"]}}],"collection":[{"href":"https:\/\/tpsmedikal.com\/index.php\/wp-json\/wp\/v2\/pages"}],"about":[{"href":"https:\/\/tpsmedikal.com\/index.php\/wp-json\/wp\/v2\/types\/page"}],"author":[{"embeddable":true,"href":"https:\/\/tpsmedikal.com\/index.php\/wp-json\/wp\/v2\/users\/1"}],"replies":[{"embeddable":true,"href":"https:\/\/tpsmedikal.com\/index.php\/wp-json\/wp\/v2\/comments?post=10"}],"version-history":[{"count":3,"href":"https:\/\/tpsmedikal.com\/index.php\/wp-json\/wp\/v2\/pages\/10\/revisions"}],"predecessor-version":[{"id":81,"href":"https:\/\/tpsmedikal.com\/index.php\/wp-json\/wp\/v2\/pages\/10\/revisions\/81"}],"wp:attachment":[{"href":"https:\/\/tpsmedikal.com\/index.php\/wp-json\/wp\/v2\/media?parent=10"}],"curies":[{"name":"wp","href":"https:\/\/api.w.org\/{rel}","templated":true}]}}